{"id":16411,"date":"2024-05-14T09:50:37","date_gmt":"2024-05-14T09:50:37","guid":{"rendered":"https:\/\/theartoftastingportugal.com\/?post_type=product&#038;p=16411"},"modified":"2024-05-14T11:29:44","modified_gmt":"2024-05-14T11:29:44","slug":"chef-andre-cruzs-gastronomic-experience","status":"publish","type":"product","link":"https:\/\/theartoftastingportugal.com\/en\/product\/chef-andre-cruzs-gastronomic-experience\/","title":{"rendered":"Chef Andr\u00e9 Cruz&#8217;s gastronomic experience"},"content":{"rendered":"<p>Discover the charms of the Set\u00fabal Peninsula with Chef Andr\u00e9 Cruz.<\/p>\n<!--themify_builder_content-->\n<div id=\"themify_builder_content-16411\" data-postid=\"16411\" class=\"themify_builder_content themify_builder_content-16411 themify_builder tf_clear\">\n    <\/div>\n<!--\/themify_builder_content-->\n","protected":false},"excerpt":{"rendered":"<p>Discover the charms of the Set\u00fabal Peninsula with Chef Andr\u00e9 Cruz.<\/p>\n","protected":false},"featured_media":16397,"comment_status":"open","ping_status":"closed","template":"","meta":[],"product_cat":[838],"product_tag":[],"acf":[],"yoast_head":"<!-- This site is optimized with the Yoast SEO plugin v18.8 - https:\/\/yoast.com\/wordpress\/plugins\/seo\/ -->\n<title>Chef Andr\u00e9 Cruz&#039;s gastronomic experience - The Art of Tasting Portugal<\/title>\n<meta name=\"description\" content=\"Discover the charms of the Set\u00fabal Peninsula with Chef Andr\u00e9 Cruz.\" \/>\n<meta name=\"robots\" content=\"index, follow, max-snippet:-1, max-image-preview:large, max-video-preview:-1\" \/>\n<link rel=\"canonical\" href=\"https:\/\/theartoftastingportugal.com\/en\/product\/chef-andre-cruzs-gastronomic-experience\/\" \/>\n<meta property=\"og:locale\" content=\"en_US\" \/>\n<meta property=\"og:type\" content=\"article\" \/>\n<meta property=\"og:title\" content=\"Chef Andr\u00e9 Cruz&#039;s gastronomic experience - The Art of Tasting Portugal\" \/>\n<meta property=\"og:description\" content=\"Discover the charms of the Set\u00fabal Peninsula with Chef Andr\u00e9 Cruz.\" \/>\n<meta property=\"og:url\" content=\"https:\/\/theartoftastingportugal.com\/en\/product\/chef-andre-cruzs-gastronomic-experience\/\" \/>\n<meta property=\"og:site_name\" content=\"The Art of Tasting Portugal\" \/>\n<meta property=\"article:modified_time\" content=\"2024-05-14T11:29:44+00:00\" \/>\n<meta property=\"og:image\" content=\"https:\/\/theartoftastingportugal.com\/wp-content\/uploads\/2024\/05\/ACruz_LocalStar_February24-6.jpg\" \/>\n\t<meta property=\"og:image:width\" content=\"2500\" \/>\n\t<meta property=\"og:image:height\" content=\"1875\" \/>\n\t<meta property=\"og:image:type\" content=\"image\/jpeg\" \/>\n<meta name=\"twitter:card\" content=\"summary_large_image\" \/>\n<meta name=\"twitter:label1\" content=\"Est. reading time\" \/>\n\t<meta name=\"twitter:data1\" content=\"1 minute\" \/>\n<script type=\"application\/ld+json\" class=\"yoast-schema-graph\">{\"@context\":\"https:\/\/schema.org\",\"@graph\":[{\"@type\":\"WebSite\",\"@id\":\"https:\/\/theartoftastingportugal.com\/#website\",\"url\":\"https:\/\/theartoftastingportugal.com\/\",\"name\":\"The Art of Tasting Portugal\",\"description\":\"The Art of Tasting Portugal\",\"potentialAction\":[{\"@type\":\"SearchAction\",\"target\":{\"@type\":\"EntryPoint\",\"urlTemplate\":\"https:\/\/theartoftastingportugal.com\/?s={search_term_string}\"},\"query-input\":\"required name=search_term_string\"}],\"inLanguage\":\"en-US\"},{\"@type\":\"ImageObject\",\"inLanguage\":\"en-US\",\"@id\":\"https:\/\/theartoftastingportugal.com\/en\/product\/chef-andre-cruzs-gastronomic-experience\/#primaryimage\",\"url\":\"https:\/\/theartoftastingportugal.com\/wp-content\/uploads\/2024\/05\/ACruz_LocalStar_February24-6.jpg\",\"contentUrl\":\"https:\/\/theartoftastingportugal.com\/wp-content\/uploads\/2024\/05\/ACruz_LocalStar_February24-6.jpg\",\"width\":2500,\"height\":1875},{\"@type\":\"WebPage\",\"@id\":\"https:\/\/theartoftastingportugal.com\/en\/product\/chef-andre-cruzs-gastronomic-experience\/#webpage\",\"url\":\"https:\/\/theartoftastingportugal.com\/en\/product\/chef-andre-cruzs-gastronomic-experience\/\",\"name\":\"Chef Andr\u00e9 Cruz's gastronomic experience - The Art of Tasting Portugal\",\"isPartOf\":{\"@id\":\"https:\/\/theartoftastingportugal.com\/#website\"},\"primaryImageOfPage\":{\"@id\":\"https:\/\/theartoftastingportugal.com\/en\/product\/chef-andre-cruzs-gastronomic-experience\/#primaryimage\"},\"datePublished\":\"2024-05-14T09:50:37+00:00\",\"dateModified\":\"2024-05-14T11:29:44+00:00\",\"description\":\"Discover the charms of the Set\u00fabal Peninsula with Chef Andr\u00e9 Cruz.\",\"breadcrumb\":{\"@id\":\"https:\/\/theartoftastingportugal.com\/en\/product\/chef-andre-cruzs-gastronomic-experience\/#breadcrumb\"},\"inLanguage\":\"en-US\",\"potentialAction\":[{\"@type\":\"ReadAction\",\"target\":[\"https:\/\/theartoftastingportugal.com\/en\/product\/chef-andre-cruzs-gastronomic-experience\/\"]}]},{\"@type\":\"BreadcrumbList\",\"@id\":\"https:\/\/theartoftastingportugal.com\/en\/product\/chef-andre-cruzs-gastronomic-experience\/#breadcrumb\",\"itemListElement\":[{\"@type\":\"ListItem\",\"position\":1,\"name\":\"In\u00edcio\",\"item\":\"https:\/\/theartoftastingportugal.com\/en\/\"},{\"@type\":\"ListItem\",\"position\":2,\"name\":\"Produtos\",\"item\":\"https:\/\/theartoftastingportugal.com\/shop\/\"},{\"@type\":\"ListItem\",\"position\":3,\"name\":\"Chef Andr\u00e9 Cruz&#8217;s gastronomic experience\"}]}]}<\/script>\n<!-- \/ Yoast SEO plugin. -->","yoast_head_json":{"title":"Chef Andr\u00e9 Cruz's gastronomic experience - The Art of Tasting Portugal","description":"Discover the charms of the Set\u00fabal Peninsula with Chef Andr\u00e9 Cruz.","robots":{"index":"index","follow":"follow","max-snippet":"max-snippet:-1","max-image-preview":"max-image-preview:large","max-video-preview":"max-video-preview:-1"},"canonical":"https:\/\/theartoftastingportugal.com\/en\/product\/chef-andre-cruzs-gastronomic-experience\/","og_locale":"en_US","og_type":"article","og_title":"Chef Andr\u00e9 Cruz's gastronomic experience - The Art of Tasting Portugal","og_description":"Discover the charms of the Set\u00fabal Peninsula with Chef Andr\u00e9 Cruz.","og_url":"https:\/\/theartoftastingportugal.com\/en\/product\/chef-andre-cruzs-gastronomic-experience\/","og_site_name":"The Art of Tasting Portugal","article_modified_time":"2024-05-14T11:29:44+00:00","og_image":[{"width":2500,"height":1875,"url":"https:\/\/theartoftastingportugal.com\/wp-content\/uploads\/2024\/05\/ACruz_LocalStar_February24-6.jpg","type":"image\/jpeg"}],"twitter_card":"summary_large_image","twitter_misc":{"Est. reading time":"1 minute"},"schema":{"@context":"https:\/\/schema.org","@graph":[{"@type":"WebSite","@id":"https:\/\/theartoftastingportugal.com\/#website","url":"https:\/\/theartoftastingportugal.com\/","name":"The Art of Tasting Portugal","description":"The Art of Tasting Portugal","potentialAction":[{"@type":"SearchAction","target":{"@type":"EntryPoint","urlTemplate":"https:\/\/theartoftastingportugal.com\/?s={search_term_string}"},"query-input":"required name=search_term_string"}],"inLanguage":"en-US"},{"@type":"ImageObject","inLanguage":"en-US","@id":"https:\/\/theartoftastingportugal.com\/en\/product\/chef-andre-cruzs-gastronomic-experience\/#primaryimage","url":"https:\/\/theartoftastingportugal.com\/wp-content\/uploads\/2024\/05\/ACruz_LocalStar_February24-6.jpg","contentUrl":"https:\/\/theartoftastingportugal.com\/wp-content\/uploads\/2024\/05\/ACruz_LocalStar_February24-6.jpg","width":2500,"height":1875},{"@type":"WebPage","@id":"https:\/\/theartoftastingportugal.com\/en\/product\/chef-andre-cruzs-gastronomic-experience\/#webpage","url":"https:\/\/theartoftastingportugal.com\/en\/product\/chef-andre-cruzs-gastronomic-experience\/","name":"Chef Andr\u00e9 Cruz's gastronomic experience - The Art of Tasting Portugal","isPartOf":{"@id":"https:\/\/theartoftastingportugal.com\/#website"},"primaryImageOfPage":{"@id":"https:\/\/theartoftastingportugal.com\/en\/product\/chef-andre-cruzs-gastronomic-experience\/#primaryimage"},"datePublished":"2024-05-14T09:50:37+00:00","dateModified":"2024-05-14T11:29:44+00:00","description":"Discover the charms of the Set\u00fabal Peninsula with Chef Andr\u00e9 Cruz.","breadcrumb":{"@id":"https:\/\/theartoftastingportugal.com\/en\/product\/chef-andre-cruzs-gastronomic-experience\/#breadcrumb"},"inLanguage":"en-US","potentialAction":[{"@type":"ReadAction","target":["https:\/\/theartoftastingportugal.com\/en\/product\/chef-andre-cruzs-gastronomic-experience\/"]}]},{"@type":"BreadcrumbList","@id":"https:\/\/theartoftastingportugal.com\/en\/product\/chef-andre-cruzs-gastronomic-experience\/#breadcrumb","itemListElement":[{"@type":"ListItem","position":1,"name":"In\u00edcio","item":"https:\/\/theartoftastingportugal.com\/en\/"},{"@type":"ListItem","position":2,"name":"Produtos","item":"https:\/\/theartoftastingportugal.com\/shop\/"},{"@type":"ListItem","position":3,"name":"Chef Andr\u00e9 Cruz&#8217;s gastronomic experience"}]}]}},"builder_content":"","post_mailing_queue_ids":[],"_links":{"self":[{"href":"https:\/\/theartoftastingportugal.com\/en\/wp-json\/wp\/v2\/product\/16411"}],"collection":[{"href":"https:\/\/theartoftastingportugal.com\/en\/wp-json\/wp\/v2\/product"}],"about":[{"href":"https:\/\/theartoftastingportugal.com\/en\/wp-json\/wp\/v2\/types\/product"}],"replies":[{"embeddable":true,"href":"https:\/\/theartoftastingportugal.com\/en\/wp-json\/wp\/v2\/comments?post=16411"}],"wp:featuredmedia":[{"embeddable":true,"href":"https:\/\/theartoftastingportugal.com\/en\/wp-json\/wp\/v2\/media\/16397"}],"wp:attachment":[{"href":"https:\/\/theartoftastingportugal.com\/en\/wp-json\/wp\/v2\/media?parent=16411"}],"wp:term":[{"taxonomy":"product_cat","embeddable":true,"href":"https:\/\/theartoftastingportugal.com\/en\/wp-json\/wp\/v2\/product_cat?post=16411"},{"taxonomy":"product_tag","embeddable":true,"href":"https:\/\/theartoftastingportugal.com\/en\/wp-json\/wp\/v2\/product_tag?post=16411"}],"curies":[{"name":"wp","href":"https:\/\/api.w.org\/{rel}","templated":true}]}}