{"id":12649,"date":"2022-05-04T14:30:13","date_gmt":"2022-05-04T14:30:13","guid":{"rendered":"https:\/\/theartoftastingportugal.com\/product\/experiencia-historico-gastronomica-azeite-casa-anadia\/"},"modified":"2023-03-16T11:43:58","modified_gmt":"2023-03-16T11:43:58","slug":"casa-anadia","status":"publish","type":"product","link":"https:\/\/theartoftastingportugal.com\/en\/product\/casa-anadia\/","title":{"rendered":"Casa Anadia"},"content":{"rendered":"<p>Casa Anadia, historical producer of premium olive oils in Ribatejo, opens its doors and shows you all its history and its centenary heritage, in a tour and commented tastings of the most emblematic spaces of the estate, also presenting its olive oils.<\/p>\n<!--themify_builder_content-->\n<div id=\"themify_builder_content-12649\" data-postid=\"12649\" class=\"themify_builder_content themify_builder_content-12649 themify_builder tf_clear\">\n    <\/div>\n<!--\/themify_builder_content-->\n","protected":false},"excerpt":{"rendered":"<p>Casa Anadia, historical producer of premium olive oils in Ribatejo, opens its doors and shows you all its history and its centenary heritage, in a tour and commented tastings of the most emblematic spaces of the estate, also presenting its olive oils.<\/p>\n","protected":false},"featured_media":15132,"comment_status":"open","ping_status":"closed","template":"","meta":[],"product_cat":[831],"product_tag":[],"acf":[],"yoast_head":"<!-- This site is optimized with the Yoast SEO plugin v18.8 - https:\/\/yoast.com\/wordpress\/plugins\/seo\/ -->\n<title>Casa Anadia - The Art of Tasting Portugal<\/title>\n<meta name=\"description\" content=\"Na Casa Anadia, produtor emblem\u00e1tico de azeite, damos-lhe a conhecer a sua historia e o seu patrim\u00f3nio centen\u00e1rio. Um passeio pelos espa\u00e7os mais emblem\u00e1ticos da Quinta, e uma prova comentada de azeites s\u00e3o alguns dos pontos altos desta experi\u00eancia sobre o mundo do azeite.\" \/>\n<meta name=\"robots\" content=\"index, follow, max-snippet:-1, max-image-preview:large, max-video-preview:-1\" \/>\n<link rel=\"canonical\" href=\"https:\/\/theartoftastingportugal.com\/en\/product\/casa-anadia\/\" \/>\n<meta property=\"og:locale\" content=\"en_US\" \/>\n<meta property=\"og:type\" content=\"article\" \/>\n<meta property=\"og:title\" content=\"Casa Anadia - The Art of Tasting Portugal\" \/>\n<meta property=\"og:description\" content=\"Na Casa Anadia, produtor emblem\u00e1tico de azeite, damos-lhe a conhecer a sua historia e o seu patrim\u00f3nio centen\u00e1rio. Um passeio pelos espa\u00e7os mais emblem\u00e1ticos da Quinta, e uma prova comentada de azeites s\u00e3o alguns dos pontos altos desta experi\u00eancia sobre o mundo do azeite.\" \/>\n<meta property=\"og:url\" content=\"https:\/\/theartoftastingportugal.com\/en\/product\/casa-anadia\/\" \/>\n<meta property=\"og:site_name\" content=\"The Art of Tasting Portugal\" \/>\n<meta property=\"article:modified_time\" content=\"2023-03-16T11:43:58+00:00\" \/>\n<meta property=\"og:image\" content=\"https:\/\/theartoftastingportugal.com\/wp-content\/uploads\/2022\/05\/Experiencia-main-Azeite-Casa-Anadia-SQUARE.jpg\" \/>\n\t<meta property=\"og:image:width\" content=\"1000\" \/>\n\t<meta property=\"og:image:height\" content=\"1000\" \/>\n\t<meta property=\"og:image:type\" content=\"image\/jpeg\" \/>\n<meta name=\"twitter:card\" content=\"summary_large_image\" \/>\n<script type=\"application\/ld+json\" class=\"yoast-schema-graph\">{\"@context\":\"https:\/\/schema.org\",\"@graph\":[{\"@type\":\"WebSite\",\"@id\":\"https:\/\/theartoftastingportugal.com\/#website\",\"url\":\"https:\/\/theartoftastingportugal.com\/\",\"name\":\"The Art of Tasting Portugal\",\"description\":\"The Art of Tasting Portugal\",\"potentialAction\":[{\"@type\":\"SearchAction\",\"target\":{\"@type\":\"EntryPoint\",\"urlTemplate\":\"https:\/\/theartoftastingportugal.com\/?s={search_term_string}\"},\"query-input\":\"required name=search_term_string\"}],\"inLanguage\":\"en-US\"},{\"@type\":\"ImageObject\",\"inLanguage\":\"en-US\",\"@id\":\"https:\/\/theartoftastingportugal.com\/en\/product\/casa-anadia\/#primaryimage\",\"url\":\"https:\/\/theartoftastingportugal.com\/wp-content\/uploads\/2022\/05\/Experiencia-main-Azeite-Casa-Anadia-SQUARE.jpg\",\"contentUrl\":\"https:\/\/theartoftastingportugal.com\/wp-content\/uploads\/2022\/05\/Experiencia-main-Azeite-Casa-Anadia-SQUARE.jpg\",\"width\":1000,\"height\":1000},{\"@type\":\"WebPage\",\"@id\":\"https:\/\/theartoftastingportugal.com\/en\/product\/casa-anadia\/#webpage\",\"url\":\"https:\/\/theartoftastingportugal.com\/en\/product\/casa-anadia\/\",\"name\":\"Casa Anadia - The Art of Tasting Portugal\",\"isPartOf\":{\"@id\":\"https:\/\/theartoftastingportugal.com\/#website\"},\"primaryImageOfPage\":{\"@id\":\"https:\/\/theartoftastingportugal.com\/en\/product\/casa-anadia\/#primaryimage\"},\"datePublished\":\"2022-05-04T14:30:13+00:00\",\"dateModified\":\"2023-03-16T11:43:58+00:00\",\"description\":\"Na Casa Anadia, produtor emblem\u00e1tico de azeite, damos-lhe a conhecer a sua historia e o seu patrim\u00f3nio centen\u00e1rio. Um passeio pelos espa\u00e7os mais emblem\u00e1ticos da Quinta, e uma prova comentada de azeites s\u00e3o alguns dos pontos altos desta experi\u00eancia sobre o mundo do azeite.\",\"breadcrumb\":{\"@id\":\"https:\/\/theartoftastingportugal.com\/en\/product\/casa-anadia\/#breadcrumb\"},\"inLanguage\":\"en-US\",\"potentialAction\":[{\"@type\":\"ReadAction\",\"target\":[\"https:\/\/theartoftastingportugal.com\/en\/product\/casa-anadia\/\"]}]},{\"@type\":\"BreadcrumbList\",\"@id\":\"https:\/\/theartoftastingportugal.com\/en\/product\/casa-anadia\/#breadcrumb\",\"itemListElement\":[{\"@type\":\"ListItem\",\"position\":1,\"name\":\"In\u00edcio\",\"item\":\"https:\/\/theartoftastingportugal.com\/en\/\"},{\"@type\":\"ListItem\",\"position\":2,\"name\":\"Produtos\",\"item\":\"https:\/\/theartoftastingportugal.com\/shop\/\"},{\"@type\":\"ListItem\",\"position\":3,\"name\":\"Casa Anadia\"}]}]}<\/script>\n<!-- \/ Yoast SEO plugin. -->","yoast_head_json":{"title":"Casa Anadia - The Art of Tasting Portugal","description":"Na Casa Anadia, produtor emblem\u00e1tico de azeite, damos-lhe a conhecer a sua historia e o seu patrim\u00f3nio centen\u00e1rio. Um passeio pelos espa\u00e7os mais emblem\u00e1ticos da Quinta, e uma prova comentada de azeites s\u00e3o alguns dos pontos altos desta experi\u00eancia sobre o mundo do azeite.","robots":{"index":"index","follow":"follow","max-snippet":"max-snippet:-1","max-image-preview":"max-image-preview:large","max-video-preview":"max-video-preview:-1"},"canonical":"https:\/\/theartoftastingportugal.com\/en\/product\/casa-anadia\/","og_locale":"en_US","og_type":"article","og_title":"Casa Anadia - The Art of Tasting Portugal","og_description":"Na Casa Anadia, produtor emblem\u00e1tico de azeite, damos-lhe a conhecer a sua historia e o seu patrim\u00f3nio centen\u00e1rio. Um passeio pelos espa\u00e7os mais emblem\u00e1ticos da Quinta, e uma prova comentada de azeites s\u00e3o alguns dos pontos altos desta experi\u00eancia sobre o mundo do azeite.","og_url":"https:\/\/theartoftastingportugal.com\/en\/product\/casa-anadia\/","og_site_name":"The Art of Tasting Portugal","article_modified_time":"2023-03-16T11:43:58+00:00","og_image":[{"width":1000,"height":1000,"url":"https:\/\/theartoftastingportugal.com\/wp-content\/uploads\/2022\/05\/Experiencia-main-Azeite-Casa-Anadia-SQUARE.jpg","type":"image\/jpeg"}],"twitter_card":"summary_large_image","schema":{"@context":"https:\/\/schema.org","@graph":[{"@type":"WebSite","@id":"https:\/\/theartoftastingportugal.com\/#website","url":"https:\/\/theartoftastingportugal.com\/","name":"The Art of Tasting Portugal","description":"The Art of Tasting Portugal","potentialAction":[{"@type":"SearchAction","target":{"@type":"EntryPoint","urlTemplate":"https:\/\/theartoftastingportugal.com\/?s={search_term_string}"},"query-input":"required name=search_term_string"}],"inLanguage":"en-US"},{"@type":"ImageObject","inLanguage":"en-US","@id":"https:\/\/theartoftastingportugal.com\/en\/product\/casa-anadia\/#primaryimage","url":"https:\/\/theartoftastingportugal.com\/wp-content\/uploads\/2022\/05\/Experiencia-main-Azeite-Casa-Anadia-SQUARE.jpg","contentUrl":"https:\/\/theartoftastingportugal.com\/wp-content\/uploads\/2022\/05\/Experiencia-main-Azeite-Casa-Anadia-SQUARE.jpg","width":1000,"height":1000},{"@type":"WebPage","@id":"https:\/\/theartoftastingportugal.com\/en\/product\/casa-anadia\/#webpage","url":"https:\/\/theartoftastingportugal.com\/en\/product\/casa-anadia\/","name":"Casa Anadia - The Art of Tasting Portugal","isPartOf":{"@id":"https:\/\/theartoftastingportugal.com\/#website"},"primaryImageOfPage":{"@id":"https:\/\/theartoftastingportugal.com\/en\/product\/casa-anadia\/#primaryimage"},"datePublished":"2022-05-04T14:30:13+00:00","dateModified":"2023-03-16T11:43:58+00:00","description":"Na Casa Anadia, produtor emblem\u00e1tico de azeite, damos-lhe a conhecer a sua historia e o seu patrim\u00f3nio centen\u00e1rio. Um passeio pelos espa\u00e7os mais emblem\u00e1ticos da Quinta, e uma prova comentada de azeites s\u00e3o alguns dos pontos altos desta experi\u00eancia sobre o mundo do azeite.","breadcrumb":{"@id":"https:\/\/theartoftastingportugal.com\/en\/product\/casa-anadia\/#breadcrumb"},"inLanguage":"en-US","potentialAction":[{"@type":"ReadAction","target":["https:\/\/theartoftastingportugal.com\/en\/product\/casa-anadia\/"]}]},{"@type":"BreadcrumbList","@id":"https:\/\/theartoftastingportugal.com\/en\/product\/casa-anadia\/#breadcrumb","itemListElement":[{"@type":"ListItem","position":1,"name":"In\u00edcio","item":"https:\/\/theartoftastingportugal.com\/en\/"},{"@type":"ListItem","position":2,"name":"Produtos","item":"https:\/\/theartoftastingportugal.com\/shop\/"},{"@type":"ListItem","position":3,"name":"Casa Anadia"}]}]}},"builder_content":"","post_mailing_queue_ids":[],"_links":{"self":[{"href":"https:\/\/theartoftastingportugal.com\/en\/wp-json\/wp\/v2\/product\/12649"}],"collection":[{"href":"https:\/\/theartoftastingportugal.com\/en\/wp-json\/wp\/v2\/product"}],"about":[{"href":"https:\/\/theartoftastingportugal.com\/en\/wp-json\/wp\/v2\/types\/product"}],"replies":[{"embeddable":true,"href":"https:\/\/theartoftastingportugal.com\/en\/wp-json\/wp\/v2\/comments?post=12649"}],"wp:featuredmedia":[{"embeddable":true,"href":"https:\/\/theartoftastingportugal.com\/en\/wp-json\/wp\/v2\/media\/15132"}],"wp:attachment":[{"href":"https:\/\/theartoftastingportugal.com\/en\/wp-json\/wp\/v2\/media?parent=12649"}],"wp:term":[{"taxonomy":"product_cat","embeddable":true,"href":"https:\/\/theartoftastingportugal.com\/en\/wp-json\/wp\/v2\/product_cat?post=12649"},{"taxonomy":"product_tag","embeddable":true,"href":"https:\/\/theartoftastingportugal.com\/en\/wp-json\/wp\/v2\/product_tag?post=12649"}],"curies":[{"name":"wp","href":"https:\/\/api.w.org\/{rel}","templated":true}]}}